{"id":28155,"date":"2018-01-10T09:09:19","date_gmt":"2018-01-10T08:09:19","guid":{"rendered":"https:\/\/cars-lieutaud.fr\/?page_id=28155"},"modified":"2018-01-10T10:41:56","modified_gmt":"2018-01-10T09:41:56","slug":"news","status":"publish","type":"page","link":"https:\/\/cars-lieutaud.fr\/en\/news\/","title":{"rendered":"News"},"content":{"rendered":"<p>[et_pb_section fb_built=&#8221;1&#8243; background_color=&#8221;#444441&#8243; _builder_version=&#8221;3.0.51&#8243; custom_padding=&#8221;0px|0px|0px|0px&#8221;][et_pb_row make_fullwidth=&#8221;on&#8221; use_custom_gutter=&#8221;on&#8221; gutter_width=&#8221;1&#8243; custom_padding=&#8221;0px|0px|0px|0px&#8221; _builder_version=&#8221;3.0.51&#8243;][et_pb_column type=&#8221;4_4&#8243; _builder_version=&#8221;3.0.47&#8243; parallax=&#8221;off&#8221; parallax_method=&#8221;on&#8221;][et_pb_image src=&#8221;https:\/\/cars-lieutaud.fr\/wp-content\/uploads\/sites\/8\/2017\/07\/Cover-actualites.jpg&#8221; show_bottom_space=&#8221;off&#8221; align=&#8221;center&#8221; force_fullwidth=&#8221;on&#8221; _builder_version=&#8221;3.0.51&#8243; animation_style=&#8221;slide&#8221; animation_direction=&#8221;left&#8221; animation_duration=&#8221;500ms&#8221; animation_intensity_slide=&#8221;10%&#8221; sticky=&#8221;on&#8221;][\/et_pb_image][\/et_pb_column][\/et_pb_row][et_pb_row make_fullwidth=&#8221;on&#8221; use_custom_gutter=&#8221;on&#8221; gutter_width=&#8221;1&#8243; custom_padding=&#8221;0px|0px|97px|0px&#8221; _builder_version=&#8221;3.0.51&#8243;][et_pb_column type=&#8221;4_4&#8243; _builder_version=&#8221;3.0.47&#8243; parallax=&#8221;off&#8221; parallax_method=&#8221;on&#8221;][et_pb_text background_layout=&#8221;dark&#8221; _builder_version=&#8221;3.0.51&#8243; text_font_size=&#8221;39px&#8221; header_font_size=&#8221;54px&#8221; text_orientation=&#8221;center&#8221; module_alignment=&#8221;center&#8221;]<\/p>\n<h1 class=\"et-fb-editable-element et-fb-editable-element__editing\">News<\/h1>\n<p>[\/et_pb_text][et_pb_text background_layout=&#8221;dark&#8221; _builder_version=&#8221;3.0.51&#8243; text_font_size=&#8221;39px&#8221; header_font_size=&#8221;54px&#8221; text_orientation=&#8221;center&#8221; module_alignment=&#8221;center&#8221;]<\/p>\n<p style=\"text-align: center;\"><span style=\"font-size: x-large;\">FIND ALL THE NEWS OF CARS LIEUTAUD<br \/> <\/span><\/p>\n<p>[\/et_pb_text][\/et_pb_column][\/et_pb_row][\/et_pb_section][et_pb_section fb_built=&#8221;1&#8243; specialty=&#8221;on&#8221; admin_label=&#8221;section&#8221; _builder_version=&#8221;3.0.47&#8243;][et_pb_column type=&#8221;3_4&#8243; specialty_columns=&#8221;3&#8243; _builder_version=&#8221;3.0.47&#8243; parallax=&#8221;off&#8221; parallax_method=&#8221;on&#8221;][et_pb_row_inner _builder_version=&#8221;3.0.47&#8243;][et_pb_column_inner type=&#8221;4_4&#8243; saved_specialty_column_type=&#8221;3_4&#8243; _builder_version=&#8221;3.0.47&#8243; box_shadow_position=&#8221;outer&#8221; parallax=&#8221;off&#8221; parallax_method=&#8221;on&#8221;][et_pb_blog posts_number=&#8221;6&#8243; include_categories=&#8221;2&#8243; show_more=&#8221;on&#8221; show_author=&#8221;off&#8221; show_categories=&#8221;off&#8221; show_comments=&#8221;on&#8221; offset_number=&#8221;0&#8243; _builder_version=&#8221;3.0.94&#8243;][\/et_pb_blog][\/et_pb_column_inner][\/et_pb_row_inner][\/et_pb_column][et_pb_column type=&#8221;1_4&#8243; _builder_version=&#8221;3.0.47&#8243; parallax=&#8221;off&#8221; parallax_method=&#8221;on&#8221;][et_pb_sidebar orientation=&#8221;right&#8221; admin_label=&#8221;Sidebar&#8221; _builder_version=&#8221;3.0.47&#8243; header_font=&#8221;||||&#8221; body_font=&#8221;|||on|&#8221; body_font_size=&#8221;13px&#8221;][\/et_pb_sidebar][\/et_pb_column][\/et_pb_section][et_pb_section fb_built=&#8221;1&#8243; background_color=&#8221;#444441&#8243; make_fullwidth=&#8221;on&#8221; make_equal=&#8221;on&#8221; use_custom_gutter=&#8221;on&#8221; gutter_width=&#8221;1&#8243; parallax_method_1=&#8221;off&#8221; padding_bottom_1=&#8221;0px&#8221; disabled_on=&#8221;on|on|&#8221; admin_label=&#8221;Bouton Contact &#038; R\u00e9servation&#8221; module_class=&#8221;active&#8221; _builder_version=&#8221;3.0.49&#8243; custom_padding=&#8221;0px||0px|&#8221; saved_tabs=&#8221;all&#8221;][et_pb_row make_fullwidth=&#8221;on&#8221; use_custom_gutter=&#8221;on&#8221; gutter_width=&#8221;1&#8243; custom_padding=&#8221;0px|0px|0px|0px&#8221; custom_margin=&#8221;||0px|&#8221; make_equal=&#8221;on&#8221; background_color=&#8221;#ffffff&#8221; padding_bottom_1=&#8221;0px&#8221; parallax_method_1=&#8221;off&#8221; admin_label=&#8221;row&#8221; module_class=&#8221;five-columns blurb-hover&#8221; _builder_version=&#8221;3.0.47&#8243; background_size=&#8221;initial&#8221; background_position=&#8221;top_left&#8221; background_repeat=&#8221;repeat&#8221;][et_pb_column type=&#8221;4_4&#8243; _builder_version=&#8221;3.0.47&#8243; padding_bottom=&#8221;0px&#8221; parallax=&#8221;off&#8221; parallax_method=&#8221;off&#8221;][et_pb_blurb url=&#8221;http:\/\/www.cars-lieutaud.fr\/provence\/fr\/presentation&#8221; icon_color=&#8221;#ffffff&#8221; admin_label=&#8221;Lien vers Grand Tourisme&#8221; _builder_version=&#8221;3.0.49&#8243; body_text_color=&#8221;#ffffff&#8221; background_image=&#8221;https:\/\/cars-lieutaud.fr\/wp-content\/uploads\/sites\/8\/2017\/05\/Footer-button-01-LieutaudAutocars.jpg&#8221; background_position=&#8221;top_center&#8221; text_orientation=&#8221;center&#8221;]<\/p>\n<p><strong>GRAND TOURISME, VOYAGES D\u2019AFFAIRES<\/strong> Une gamme premium d\u2019autocars Mercedes au service de vos se\u0301minaires, congre\u0300s, tourisme re\u0301ceptif, mariages et excursions&#8230;<\/p>\n<div class=\"et_pb_main_blurb_image\"><a href=\"http:\/\/www.cars-lieutaud.fr\"><span class=\"et-pb-icon et-waypoint et_pb_animation_top et-animated\" style=\"color: #ffffff\">=<\/span><\/a><\/div>\n<p>[\/et_pb_blurb][et_pb_blurb url=&#8221;http:\/\/www.cars-lieutaud.fr\/provence\/fr\/lignes-regulieres&#8221; icon_color=&#8221;#ffffff&#8221; admin_label=&#8221;Lien vers Lignes R\u00e9guli\u00e8res&#8221; _builder_version=&#8221;3.0.49&#8243; body_text_color=&#8221;#ffffff&#8221; background_image=&#8221;https:\/\/cars-lieutaud.fr\/wp-content\/uploads\/sites\/8\/2017\/05\/Footer-button-01-LieutaudVaison.jpg&#8221; background_position=&#8221;top_center&#8221; text_orientation=&#8221;center&#8221;]<\/p>\n<p><strong>LIGNES REGULIE\u0300RES &amp; SCOLAIRES &#8211; TOURISME LOCAL &amp; ASSOCIATIF<\/strong> Horaires, lignes, points de vente et informations sur le r\u00e9seau TransVaucluse.FLASH INFOS pour suivre en direct le trafic. Organisation de transports pour les voyages scolaires et associatifs.<\/p>\n<div class=\"et_pb_main_blurb_image\"><a href=\"http:\/\/www.cars-lieutaud.fr\"><span class=\"et-pb-icon et-waypoint et_pb_animation_top et-animated\" style=\"color: #ffffff\">=<\/span><\/a><\/div>\n<p>[\/et_pb_blurb][et_pb_blurb icon_color=&#8221;#ffffff&#8221; admin_label=&#8221;Lien vers Autocars Lieutaud&#8221; module_class=&#8221;active&#8221; _builder_version=&#8221;3.0.51&#8243; header_font_size=&#8221;14px&#8221; body_text_color=&#8221;#ffffff&#8221; background_image=&#8221;https:\/\/cars-lieutaud.fr\/wp-content\/uploads\/sites\/8\/2017\/06\/Footer-button-01-LieutaudCorporate-Off.jpg&#8221; background_position=&#8221;top_center&#8221; text_orientation=&#8221;center&#8221;]<\/p>\n<p><strong>DE 1875 \u00c0 AUJOURD&#8217;HUI<\/strong> De la cal\u00e8che aux autocars, vivez la saga Lieutaud ! Retrouvez nos valeurs et notre philosophie. D\u00e9couvrez notre flotte, nos \u00e9quipes, dans nos 3 agences.<\/p>\n<p>[\/et_pb_blurb][et_pb_blurb url=&#8221;http:\/\/petittrainvaison.com&#8221; icon_color=&#8221;#ffffff&#8221; admin_label=&#8221;Lien vers Petit Train Vaison&#8221; _builder_version=&#8221;3.0.51&#8243; body_text_color=&#8221;#ffffff&#8221; background_image=&#8221;https:\/\/cars-lieutaud.fr\/wp-content\/uploads\/sites\/8\/2017\/05\/Footer-button-01-LieutaudTrainVaison.jpg&#8221; background_position=&#8221;top_center&#8221; text_orientation=&#8221;center&#8221;]<\/p>\n<p><strong>TRAVERSEZ PLUS DE 2000 ANS D\u2019HISTOIRE !<\/strong> Le Petit Train de Vaison La Romaine propose un circuit en petit train dans le centre historique de Vaison la Romaine.<\/p>\n<p>\u00a0<\/p>\n<p>\u00a0<\/p>\n<p>\u00a0<\/p>\n<div class=\"et_pb_main_blurb_image\"><a href=\"http:\/\/petittrainvaison.com\"><span class=\"et-pb-icon et-waypoint et_pb_animation_top et-animated\" style=\"color: #ffffff\">=<\/span><\/a><\/div>\n<p>[\/et_pb_blurb][et_pb_blurb url=&#8221;https:\/\/visiteavignon.com&#8221; icon_color=&#8221;#ffffff&#8221; admin_label=&#8221;Lien vers Open Tour et Petit Train&#8221; _builder_version=&#8221;3.0.51&#8243; header_font=&#8221;Montserrat|||on|&#8221; header_font_size=&#8221;14px&#8221; header_text_color=&#8221;#605e5e&#8221; header_line_height=&#8221;1.3em&#8221; body_text_color=&#8221;#ffffff&#8221; body_line_height=&#8221;1.4em&#8221; background_image=&#8221;https:\/\/cars-lieutaud.fr\/wp-content\/uploads\/sites\/8\/2017\/06\/Footer-button-01-LieutaudVisiteAvignon.jpg&#8221; background_position=&#8221;top_center&#8221; text_orientation=&#8221;center&#8221;]<\/p>\n<p><strong>PETIT TRAIN ET OPEN TOUR<\/strong> <strong>Visite Avignon<\/strong> propose de d\u00e9couvrir les villes d\u2019Avignon et de Villeneuve les Avignon en petit train et\/ou en open tour. Un city tour aux circuits originaux avec 19 sites et une approche ludique \u00ab sp\u00e9cial enfant \u00bb avec des commentaires adapt\u00e9s aux plus petits. Une boutique \u00e0 d\u00e9couvrir, 40 cours Jean Jaur\u00e8s.<\/p>\n<div class=\"et_pb_main_blurb_image\"><a href=\"http:\/\/www.visiteavignon.com\"><span class=\"et-pb-icon et-waypoint et_pb_animation_top et-animated\" style=\"color: #ffffff\">=<\/span><\/a><\/div>\n<p>[\/et_pb_blurb][\/et_pb_column][\/et_pb_row][et_pb_row use_custom_width=&#8221;on&#8221; width_unit=&#8221;off&#8221; custom_width_percent=&#8221;100%&#8221; custom_padding=&#8221;|0px||0px&#8221; custom_margin=&#8221;|0px||0px&#8221; background_color=&#8221;#605e5e&#8221; padding_left_1=&#8221;10%&#8221; parallax_method_1=&#8221;off&#8221; parallax_method_2=&#8221;off&#8221; background_position_1=&#8221;top_left&#8221; background_position_2=&#8221;top_left&#8221; background_repeat_1=&#8221;no-repeat&#8221; background_repeat_2=&#8221;no-repeat&#8221; _builder_version=&#8221;3.0.51&#8243; background_size=&#8221;initial&#8221; background_position=&#8221;top_left&#8221; background_repeat=&#8221;repeat&#8221; custom_css_main_element=&#8221;width: 100% !important;||max-width: 100% !important;&#8221;][et_pb_column type=&#8221;1_2&#8243; _builder_version=&#8221;3.0.47&#8243; padding_left=&#8221;10%&#8221; parallax=&#8221;off&#8221; parallax_method=&#8221;off&#8221; background_position=&#8221;top_left&#8221; background_repeat=&#8221;no-repeat&#8221;][et_pb_social_media_follow url_new_window=&#8221;off&#8221; _builder_version=&#8221;3.0.51&#8243; border_radii=&#8221;on|100%|100%|100%|100%&#8221; custom_css_social_icon=&#8221;background-color: #bab6b5;&#8221; link_shape=&#8221;circle&#8221;][et_pb_social_media_follow_network social_network=&#8221;youtube&#8221; url=&#8221;https:\/\/www.youtube.com\/user\/CarsLieutaud&#8221; _builder_version=&#8221;3.0.47&#8243; background_color=&#8221;#a82400&#8243; bg_color=&#8221;#a82400&#8243; link_shape=&#8221;circle&#8221; follow_button=&#8221;off&#8221; url_new_window=&#8221;off&#8221;] YouTube [\/et_pb_social_media_follow_network][et_pb_social_media_follow_network social_network=&#8221;facebook&#8221; url=&#8221;https:\/\/www.facebook.com\/carslieutaud\/&#8221; _builder_version=&#8221;3.0.47&#8243; background_color=&#8221;#3b5998&#8243; bg_color=&#8221;#3b5998&#8243; link_shape=&#8221;circle&#8221; follow_button=&#8221;off&#8221; url_new_window=&#8221;off&#8221;] Facebook [\/et_pb_social_media_follow_network][et_pb_social_media_follow_network social_network=&#8221;linkedin&#8221; url=&#8221;https:\/\/www.linkedin.com\/company-beta\/11165995\/&#8221; _builder_version=&#8221;3.0.47&#8243; background_color=&#8221;#007bb6&#8243; bg_color=&#8221;#007bb6&#8243; link_shape=&#8221;circle&#8221; follow_button=&#8221;off&#8221; url_new_window=&#8221;off&#8221;] LinkedIn [\/et_pb_social_media_follow_network][et_pb_social_media_follow_network social_network=&#8221;instagram&#8221; url=&#8221;https:\/\/www.instagram.com\/carslieutaud\/&#8221; _builder_version=&#8221;3.0.47&#8243; background_color=&#8221;#517fa4&#8243; bg_color=&#8221;#517fa4&#8243; link_shape=&#8221;circle&#8221; follow_button=&#8221;off&#8221; url_new_window=&#8221;off&#8221;] Instagram [\/et_pb_social_media_follow_network][\/et_pb_social_media_follow][\/et_pb_column][et_pb_column type=&#8221;1_2&#8243; _builder_version=&#8221;3.0.47&#8243; parallax=&#8221;off&#8221; parallax_method=&#8221;off&#8221; background_position=&#8221;top_left&#8221; background_repeat=&#8221;no-repeat&#8221;][et_pb_button button_url=&#8221;\/contact-reservation\/&#8221; button_text=&#8221;CONTACT &#038; RESERVATION EN LIGNE&#8221; button_alignment=&#8221;center&#8221; admin_label=&#8221;Bouton Contact &#038; R\u00e9servation&#8221; _builder_version=&#8221;3.0.51&#8243; custom_button=&#8221;on&#8221; button_text_size=&#8221;15px&#8221; button_text_color=&#8221;#ffffff&#8221; button_border_color=&#8221;#ffffff&#8221; button_border_radius=&#8221;9px&#8221; button_icon=&#8221;%%3%%&#8221; button_text_color_hover=&#8221;#605e5e&#8221; button_bg_color_hover=&#8221;#ffffff&#8221; saved_tabs=&#8221;all&#8221;][\/et_pb_button][\/et_pb_column][\/et_pb_row][\/et_pb_section]<\/p>\n<span class=\"et_bloom_bottom_trigger\"><\/span>","protected":false},"excerpt":{"rendered":"<p>NewsFIND ALL THE NEWS OF CARS LIEUTAUD GRAND TOURISME, VOYAGES D\u2019AFFAIRES Une gamme premium d\u2019autocars Mercedes au service de vos se\u0301minaires, congre\u0300s, tourisme re\u0301ceptif, mariages et excursions&#8230; = LIGNES REGULIE\u0300RES &amp; SCOLAIRES &#8211; TOURISME LOCAL &amp; ASSOCIATIF Horaires, lignes, points de vente et informations sur le r\u00e9seau TransVaucluse.FLASH INFOS pour suivre en direct le trafic. [&hellip;]<\/p>\n","protected":false},"author":3,"featured_media":0,"parent":0,"menu_order":0,"comment_status":"closed","ping_status":"closed","template":"","meta":{"_seopress_robots_primary_cat":"","_et_pb_use_builder":"on","_et_pb_old_content":"","_et_gb_content_width":""},"acf":[],"_links":{"self":[{"href":"https:\/\/cars-lieutaud.fr\/en\/wp-json\/wp\/v2\/pages\/28155"}],"collection":[{"href":"https:\/\/cars-lieutaud.fr\/en\/wp-json\/wp\/v2\/pages"}],"about":[{"href":"https:\/\/cars-lieutaud.fr\/en\/wp-json\/wp\/v2\/types\/page"}],"author":[{"embeddable":true,"href":"https:\/\/cars-lieutaud.fr\/en\/wp-json\/wp\/v2\/users\/3"}],"replies":[{"embeddable":true,"href":"https:\/\/cars-lieutaud.fr\/en\/wp-json\/wp\/v2\/comments?post=28155"}],"version-history":[{"count":0,"href":"https:\/\/cars-lieutaud.fr\/en\/wp-json\/wp\/v2\/pages\/28155\/revisions"}],"wp:attachment":[{"href":"https:\/\/cars-lieutaud.fr\/en\/wp-json\/wp\/v2\/media?parent=28155"}],"curies":[{"name":"wp","href":"https:\/\/api.w.org\/{rel}","templated":true}]}}