{"id":28177,"date":"2018-01-10T10:18:51","date_gmt":"2018-01-10T09:18:51","guid":{"rendered":"https:\/\/cars-lieutaud.fr\/?page_id=28177"},"modified":"2018-01-10T10:24:50","modified_gmt":"2018-01-10T09:24:50","slug":"notre-charte-dexcellence","status":"publish","type":"page","link":"https:\/\/cars-lieutaud.fr\/en\/notre-charte-dexcellence\/","title":{"rendered":"Notre Charte d&#8217;Excellence EN"},"content":{"rendered":"<p>[et_pb_section bb_built=&#8221;1&#8243; admin_label=&#8221;section&#8221; custom_padding=&#8221;383px|0px|0px|0px&#8221; fullwidth=&#8221;on&#8221; _builder_version=&#8221;3.0.51&#8243; background_image=&#8221;https:\/\/cars-lieutaud.fr\/wp-content\/uploads\/sites\/8\/2017\/06\/cover-charteexcellence.jpg&#8221;][et_pb_fullwidth_header title=&#8221;Notre Charte d&#8217;Excellence&#8221; background_layout=&#8221;dark&#8221; text_orientation=&#8221;center&#8221; title_font_color=&#8221;#ffffff&#8221; image_orientation=&#8221;bottom&#8221; _builder_version=&#8221;3.0.51&#8243; title_font_size=&#8221;49px&#8221; title_font_size_phone=&#8221;32px&#8221; title_font_size_last_edited=&#8221;on|phone&#8221; background_size=&#8221;initial&#8221; background_position=&#8221;top_left&#8221; background_repeat=&#8221;repeat&#8221; title_text_color=&#8221;#ffffff&#8221; \/][\/et_pb_section][et_pb_section bb_built=&#8221;1&#8243; background_color=&#8221;#444441&#8243; _builder_version=&#8221;3.0.51&#8243;][et_pb_row use_custom_gutter=&#8221;on&#8221; gutter_width=&#8221;2&#8243; custom_padding=&#8221;0px|0px|0px|0px&#8221; _builder_version=&#8221;3.0.51&#8243;][et_pb_column type=&#8221;1_4&#8243;][et_pb_testimonial portrait_url=&#8221;https:\/\/cars-lieutaud.fr\/wp-content\/uploads\/sites\/8\/2017\/06\/picto-charte-bagagerie.png&#8221; quote_icon=&#8221;off&#8221; use_background_color=&#8221;off&#8221; text_orientation=&#8221;center&#8221; quote_icon_color=&#8221;#bab6b5&#8243; quote_icon_background_color=&#8221;#ffffff&#8221; portrait_border_radius=&#8221;100px&#8221; portrait_width=&#8221;150px&#8221; portrait_height=&#8221;150px&#8221; _builder_version=&#8221;3.0.51&#8243; body_font=&#8221;|||on|&#8221; body_font_size=&#8221;16px&#8221; use_border_color=&#8221;on&#8221; border_color=&#8221;#bab6b5&#8243; border_width=&#8221;2px&#8221; border_style=&#8221;dotted&#8221; custom_margin=&#8221;||30px|&#8221; custom_padding=&#8221;20px|20px||20px&#8221; border_color_all=&#8221;#bab6b5&#8243; border_width_all=&#8221;2px&#8221; border_style_all=&#8221;dotted&#8221; border_radii_portrait=&#8221;on|100px|100px|100px|100px&#8221;]<\/p>\n<p>\u00a0<span style=\"color: #ffcc00\"><strong>bagagerie : <\/strong><\/span><br \/>prise en charge et suivi \u00e0 la demande<\/p>\n<p>[\/et_pb_testimonial][et_pb_testimonial portrait_url=&#8221;https:\/\/cars-lieutaud.fr\/wp-content\/uploads\/sites\/8\/2017\/06\/picto-charte-24H24.png&#8221; quote_icon=&#8221;off&#8221; use_background_color=&#8221;off&#8221; text_orientation=&#8221;center&#8221; quote_icon_color=&#8221;#bab6b5&#8243; quote_icon_background_color=&#8221;#ffffff&#8221; portrait_border_radius=&#8221;100px&#8221; portrait_width=&#8221;150px&#8221; portrait_height=&#8221;150px&#8221; _builder_version=&#8221;3.0.51&#8243; body_font=&#8221;|||on|&#8221; body_font_size=&#8221;16px&#8221; use_border_color=&#8221;on&#8221; border_color=&#8221;#bab6b5&#8243; border_width=&#8221;2px&#8221; border_style=&#8221;dotted&#8221; custom_margin=&#8221;||30px|&#8221; custom_padding=&#8221;20px|20px||20px&#8221; border_color_all=&#8221;#bab6b5&#8243; border_width_all=&#8221;2px&#8221; border_style_all=&#8221;dotted&#8221; border_radii_portrait=&#8221;on|100px|100px|100px|100px&#8221;]<\/p>\n<p>Assistance <span style=\"color: #ffcc00\"><strong>24h\/24<\/strong><\/span><\/p>\n<p>[\/et_pb_testimonial][et_pb_testimonial portrait_url=&#8221;https:\/\/cars-lieutaud.fr\/wp-content\/uploads\/sites\/8\/2017\/06\/picto-charte-opentour.png&#8221; quote_icon=&#8221;off&#8221; use_background_color=&#8221;off&#8221; text_orientation=&#8221;center&#8221; quote_icon_color=&#8221;#bab6b5&#8243; quote_icon_background_color=&#8221;#ffffff&#8221; portrait_border_radius=&#8221;100px&#8221; portrait_width=&#8221;150px&#8221; portrait_height=&#8221;150px&#8221; _builder_version=&#8221;3.0.51&#8243; body_font=&#8221;|||on|&#8221; body_font_size=&#8221;16px&#8221; use_border_color=&#8221;on&#8221; border_color=&#8221;#bab6b5&#8243; border_width=&#8221;2px&#8221; border_style=&#8221;dotted&#8221; custom_margin=&#8221;||30px|&#8221; custom_margin_tablet=&#8221;||0px|&#8221; custom_margin_phone=&#8221;||0px|&#8221; custom_margin_last_edited=&#8221;on|desktop&#8221; custom_padding=&#8221;20px|20px||20px&#8221; border_color_all=&#8221;#bab6b5&#8243; border_width_all=&#8221;2px&#8221; border_style_all=&#8221;dotted&#8221; border_radii_portrait=&#8221;on|100px|100px|100px|100px&#8221;]<\/p>\n<p><span style=\"color: #ffcc00\"><strong>Une nouveaut\u00e9 !<\/strong><\/span> des cars \u00e0 ciel ouvert, Open Tour d\u00e9capotables pour d\u00e9couvrir Avignon,<br \/>Villeneuve les Avignon et les alentours de la cit\u00e9 des Papes<\/p>\n<p>[\/et_pb_testimonial][\/et_pb_column][et_pb_column type=&#8221;1_4&#8243;][et_pb_testimonial portrait_url=&#8221;https:\/\/cars-lieutaud.fr\/wp-content\/uploads\/sites\/8\/2017\/06\/picto-charte-sieges.png&#8221; quote_icon=&#8221;off&#8221; use_background_color=&#8221;off&#8221; text_orientation=&#8221;center&#8221; quote_icon_color=&#8221;#bab6b5&#8243; quote_icon_background_color=&#8221;#ffffff&#8221; portrait_border_radius=&#8221;100px&#8221; portrait_width=&#8221;150px&#8221; portrait_height=&#8221;150px&#8221; _builder_version=&#8221;3.0.51&#8243; body_font=&#8221;|||on|&#8221; body_font_size=&#8221;16px&#8221; use_border_color=&#8221;on&#8221; border_color=&#8221;#bab6b5&#8243; border_width=&#8221;2px&#8221; border_style=&#8221;dotted&#8221; custom_margin=&#8221;||30px|&#8221; custom_padding=&#8221;20px|20px||20px&#8221; border_color_all=&#8221;#bab6b5&#8243; border_width_all=&#8221;2px&#8221; border_style_all=&#8221;dotted&#8221; border_radii_portrait=&#8221;on|100px|100px|100px|100px&#8221;]<\/p>\n<p><span style=\"color: #ffcc00\"><strong>Une large flotte<\/strong><\/span> au design homog\u00e8ne (Plus de 30 v\u00e9hicules de 7 \u00e0 61 places),<\/p>\n<p>[\/et_pb_testimonial][et_pb_testimonial portrait_url=&#8221;https:\/\/cars-lieutaud.fr\/wp-content\/uploads\/sites\/8\/2017\/06\/picto-charte-surmesure-cadeau.png&#8221; quote_icon=&#8221;off&#8221; use_background_color=&#8221;off&#8221; text_orientation=&#8221;center&#8221; quote_icon_color=&#8221;#bab6b5&#8243; quote_icon_background_color=&#8221;#ffffff&#8221; portrait_border_radius=&#8221;100px&#8221; portrait_width=&#8221;150px&#8221; portrait_height=&#8221;150px&#8221; _builder_version=&#8221;3.0.51&#8243; body_font=&#8221;|||on|&#8221; body_font_size=&#8221;16px&#8221; use_border_color=&#8221;on&#8221; border_color=&#8221;#bab6b5&#8243; border_width=&#8221;2px&#8221; border_style=&#8221;dotted&#8221; custom_margin=&#8221;||30px|&#8221; custom_margin_phone=&#8221;||0px|&#8221; custom_margin_last_edited=&#8221;on|phone&#8221; custom_padding=&#8221;20px|20px||20px&#8221; border_color_all=&#8221;#bab6b5&#8243; border_width_all=&#8221;2px&#8221; border_style_all=&#8221;dotted&#8221; border_radii_portrait=&#8221;on|100px|100px|100px|100px&#8221;]<\/p>\n<p><span style=\"color: #ffcc00\"><strong>Solutions sur-mesure<\/strong> :<\/span> coordination logistique, excursions th\u00e9matiques,<br \/>d\u00e9coration et habillage de v\u00e9hicules, attentions sp\u00e9ciales (fleurs, vins, souvenirs\u2026),<\/p>\n<p>[\/et_pb_testimonial][et_pb_testimonial portrait_url=&#8221;https:\/\/cars-lieutaud.fr\/wp-content\/uploads\/sites\/8\/2017\/06\/picto-charte-hotel.png&#8221; quote_icon=&#8221;off&#8221; use_background_color=&#8221;off&#8221; text_orientation=&#8221;center&#8221; quote_icon_color=&#8221;#bab6b5&#8243; quote_icon_background_color=&#8221;#ffffff&#8221; portrait_border_radius=&#8221;100px&#8221; portrait_width=&#8221;150px&#8221; portrait_height=&#8221;150px&#8221; _builder_version=&#8221;3.0.51&#8243; body_font=&#8221;|||on|&#8221; body_font_size=&#8221;16px&#8221; use_border_color=&#8221;on&#8221; border_color=&#8221;#bab6b5&#8243; border_width=&#8221;2px&#8221; border_style=&#8221;dotted&#8221; custom_margin=&#8221;30px||30px|&#8221; custom_margin_tablet=&#8221;||0px|&#8221; custom_margin_phone=&#8221;||0px|&#8221; custom_margin_last_edited=&#8221;on|phone&#8221; custom_padding=&#8221;20px|20px||20px&#8221; border_color_all=&#8221;#bab6b5&#8243; border_width_all=&#8221;2px&#8221; border_style_all=&#8221;dotted&#8221; border_radii_portrait=&#8221;on|100px|100px|100px|100px&#8221;]<\/p>\n<p><span style=\"color: #ffcc00\"><strong>Accueil personnalis\u00e9<\/strong><\/span> aux h\u00f4tels, gares, a\u00e9roports &#8230;<\/p>\n<p>[\/et_pb_testimonial][\/et_pb_column][et_pb_column type=&#8221;1_4&#8243;][et_pb_testimonial portrait_url=&#8221;https:\/\/cars-lieutaud.fr\/wp-content\/uploads\/sites\/8\/2017\/06\/picto-charte-interlocuteur.png&#8221; quote_icon=&#8221;off&#8221; use_background_color=&#8221;off&#8221; text_orientation=&#8221;center&#8221; quote_icon_color=&#8221;#bab6b5&#8243; portrait_border_radius=&#8221;100px&#8221; portrait_width=&#8221;150px&#8221; portrait_height=&#8221;150px&#8221; _builder_version=&#8221;3.0.51&#8243; body_font=&#8221;|||on|&#8221; body_font_size=&#8221;16px&#8221; use_border_color=&#8221;on&#8221; border_color=&#8221;#bab6b5&#8243; border_width=&#8221;2px&#8221; border_style=&#8221;dotted&#8221; custom_margin=&#8221;||30px|&#8221; custom_padding=&#8221;20px|20px||20px&#8221; border_color_all=&#8221;#bab6b5&#8243; border_width_all=&#8221;2px&#8221; border_style_all=&#8221;dotted&#8221; border_radii_portrait=&#8221;on|100px|100px|100px|100px&#8221;]<\/p>\n<p><span style=\"color: #ffcc00\"><strong>Un seul interlocuteur<\/strong><\/span> pour g\u00e9rer toute votre logistique et vous accompagner dans vos projets<\/p>\n<p>[\/et_pb_testimonial][et_pb_testimonial portrait_url=&#8221;https:\/\/cars-lieutaud.fr\/wp-content\/uploads\/sites\/8\/2017\/06\/picto-charte-mercedes.png&#8221; quote_icon=&#8221;off&#8221; use_background_color=&#8221;off&#8221; text_orientation=&#8221;center&#8221; quote_icon_color=&#8221;#bab6b5&#8243; quote_icon_background_color=&#8221;#ffffff&#8221; portrait_border_radius=&#8221;100px&#8221; portrait_width=&#8221;150px&#8221; portrait_height=&#8221;150px&#8221; _builder_version=&#8221;3.0.51&#8243; body_font=&#8221;|||on|&#8221; body_font_size=&#8221;16px&#8221; use_border_color=&#8221;on&#8221; border_color=&#8221;#bab6b5&#8243; border_width=&#8221;2px&#8221; border_style=&#8221;dotted&#8221; custom_margin=&#8221;||20px|&#8221; custom_padding=&#8221;20px|20px||20px&#8221; border_color_all=&#8221;#bab6b5&#8243; border_width_all=&#8221;2px&#8221; border_style_all=&#8221;dotted&#8221; border_radii_portrait=&#8221;on|100px|100px|100px|100px&#8221;]<\/p>\n<p>Parc de v\u00e9hicules <span style=\"color: #ffcc00\"><strong>100 % Mercedes<\/strong><\/span>, haut de gamme derni\u00e8re g\u00e9n\u00e9ration, offrant Wifi sur demande<\/p>\n<p>[\/et_pb_testimonial][et_pb_button button_url=&#8221;\/notre-flotte-mercedes\/&#8221; button_text=&#8221;visitez notre flotte&#8221; button_alignment=&#8221;center&#8221; background_layout=&#8221;dark&#8221; _builder_version=&#8221;3.0.51&#8243; custom_button=&#8221;on&#8221; button_text_size=&#8221;14px&#8221; button_border_radius=&#8221;9px&#8221; button_font=&#8221;|||on|&#8221; button_icon=&#8221;%%3%%&#8221; button_text_color_hover=&#8221;#444441&#8243; button_bg_color_hover=&#8221;#ffffff&#8221; background_color=&#8221;#a5a2a1&#8243; \/][et_pb_testimonial portrait_url=&#8221;https:\/\/cars-lieutaud.fr\/wp-content\/uploads\/sites\/8\/2017\/07\/picto-charte-alerte.png&#8221; quote_icon=&#8221;off&#8221; use_background_color=&#8221;off&#8221; text_orientation=&#8221;center&#8221; quote_icon_color=&#8221;#bab6b5&#8243; quote_icon_background_color=&#8221;#ffffff&#8221; portrait_border_radius=&#8221;100px&#8221; portrait_width=&#8221;150px&#8221; portrait_height=&#8221;150px&#8221; _builder_version=&#8221;3.0.63&#8243; body_font=&#8221;|||on|&#8221; body_font_size=&#8221;16px&#8221; use_border_color=&#8221;on&#8221; border_color=&#8221;#bab6b5&#8243; border_width=&#8221;2px&#8221; border_style=&#8221;dotted&#8221; custom_margin=&#8221;||30px|&#8221; custom_margin_phone=&#8221;||0px|&#8221; custom_margin_last_edited=&#8221;on|phone&#8221; custom_padding=&#8221;20px|20px||20px&#8221; border_color_all=&#8221;#bab6b5&#8243; border_width_all=&#8221;2px&#8221; border_style_all=&#8221;dotted&#8221; border_radii_portrait=&#8221;on|100px|100px|100px|100px&#8221;]<\/p>\n<p><span style=\"color: #ffcc00\"><strong>Flash Infos&nbsp;<\/strong> :<\/span> Service d&#8217;information par SMS sur les perturbations de lignes r&eacute;guli&egrave;res et scolaires<\/p>\n<p>[\/et_pb_testimonial][\/et_pb_column][et_pb_column type=&#8221;1_4&#8243;][et_pb_testimonial portrait_url=&#8221;https:\/\/cars-lieutaud.fr\/wp-content\/uploads\/sites\/8\/2017\/06\/picto-charte-uniformes.png&#8221; quote_icon=&#8221;off&#8221; use_background_color=&#8221;off&#8221; text_orientation=&#8221;center&#8221; quote_icon_color=&#8221;#bab6b5&#8243; quote_icon_background_color=&#8221;#ffffff&#8221; portrait_border_radius=&#8221;100px&#8221; portrait_width=&#8221;150px&#8221; portrait_height=&#8221;150px&#8221; _builder_version=&#8221;3.0.51&#8243; body_font=&#8221;|||on|&#8221; body_font_size=&#8221;16px&#8221; use_border_color=&#8221;on&#8221; border_color=&#8221;#bab6b5&#8243; border_width=&#8221;2px&#8221; border_style=&#8221;dotted&#8221; custom_margin=&#8221;||30px|&#8221; custom_padding=&#8221;20px|20px||20px&#8221; border_color_all=&#8221;#bab6b5&#8243; border_width_all=&#8221;2px&#8221; border_style_all=&#8221;dotted&#8221; border_radii_portrait=&#8221;on|100px|100px|100px|100px&#8221;]<\/p>\n<p><span style=\"color: #ffcc00\"><strong>Chauffeurs en uniforme<\/strong><\/span>, bilingues (anglais, allemand ou espagnol) ou polyglottes sur<br \/>demande,<\/p>\n<p>[\/et_pb_testimonial][et_pb_testimonial portrait_url=&#8221;https:\/\/cars-lieutaud.fr\/wp-content\/uploads\/sites\/8\/2017\/06\/picto-charte-petittrain.png&#8221; quote_icon=&#8221;off&#8221; use_background_color=&#8221;off&#8221; text_orientation=&#8221;center&#8221; quote_icon_color=&#8221;#bab6b5&#8243; quote_icon_background_color=&#8221;#ffffff&#8221; portrait_border_radius=&#8221;100px&#8221; portrait_width=&#8221;150px&#8221; portrait_height=&#8221;150px&#8221; _builder_version=&#8221;3.0.51&#8243; body_font=&#8221;|||on|&#8221; body_font_size=&#8221;16px&#8221; use_border_color=&#8221;on&#8221; border_color=&#8221;#bab6b5&#8243; border_width=&#8221;2px&#8221; border_style=&#8221;dotted&#8221; custom_margin=&#8221;||30px|&#8221; custom_margin_tablet=&#8221;||0px|&#8221; custom_margin_phone=&#8221;||0px|&#8221; custom_margin_last_edited=&#8221;on|tablet&#8221; custom_padding=&#8221;20px|20px||20px&#8221; border_color_all=&#8221;#bab6b5&#8243; border_width_all=&#8221;2px&#8221; border_style_all=&#8221;dotted&#8221; border_radii_portrait=&#8221;on|100px|100px|100px|100px&#8221;]<\/p>\n<p><span style=\"color: #ffcc00\"><strong>Un service unique sur Avignon<\/strong> :<\/span> 2 Petits Trains pouvant \u00eatre affr\u00e9t\u00e9s et personnalis\u00e9s pour vos soir\u00e9es dans le centre historique d\u2019Avignon (vers Palais des Papes inaccessible en bus par exemple ! et aussi pour les retours de soir\u00e9es \u2026)<\/p>\n<p>[\/et_pb_testimonial][\/et_pb_column][\/et_pb_row][\/et_pb_section][et_pb_section bb_built=&#8221;1&#8243; background_color=&#8221;#444441&#8243; fullwidth=&#8221;on&#8221; _builder_version=&#8221;3.0.51&#8243;][et_pb_fullwidth_image src=&#8221;https:\/\/cars-lieutaud.fr\/wp-content\/uploads\/sites\/8\/2017\/06\/cover-charteexcellence02.jpg&#8221; animation=&#8221;fade_in&#8221; _builder_version=&#8221;3.0.51&#8243; custom_margin=&#8221;|||&#8221; animation_direction=&#8221;center&#8221; animation_style=&#8221;fade&#8221; animation_duration=&#8221;500ms&#8221; animation_intensity_slide=&#8221;10%&#8221; \/][\/et_pb_section][et_pb_section bb_built=&#8221;1&#8243; admin_label=&#8221;Bouton Contact &amp; R\u00e9servation&#8221; background_color=&#8221;#444441&#8243; custom_padding=&#8221;0px||0px|&#8221; make_fullwidth=&#8221;on&#8221; make_equal=&#8221;on&#8221; use_custom_gutter=&#8221;on&#8221; gutter_width=&#8221;1&#8243; parallax_method_1=&#8221;off&#8221; padding_bottom_1=&#8221;0px&#8221; disabled_on=&#8221;on|on|&#8221; module_class=&#8221;active&#8221; _builder_version=&#8221;3.0.49&#8243; saved_tabs=&#8221;all&#8221;][et_pb_row admin_label=&#8221;row&#8221; make_fullwidth=&#8221;on&#8221; use_custom_gutter=&#8221;on&#8221; gutter_width=&#8221;1&#8243; custom_padding=&#8221;0px|0px|0px|0px&#8221; custom_margin=&#8221;||0px|&#8221; make_equal=&#8221;on&#8221; background_color=&#8221;#ffffff&#8221; padding_bottom_1=&#8221;0px&#8221; parallax_method_1=&#8221;off&#8221; module_class=&#8221;five-columns blurb-hover&#8221; _builder_version=&#8221;3.0.47&#8243; background_size=&#8221;initial&#8221; background_position=&#8221;top_left&#8221; background_repeat=&#8221;repeat&#8221;][et_pb_column type=&#8221;4_4&#8243;][et_pb_blurb admin_label=&#8221;Lien vers Grand Tourisme&#8221; url=&#8221;http:\/\/www.cars-lieutaud.com&#8221; icon_color=&#8221;#ffffff&#8221; text_orientation=&#8221;center&#8221; _builder_version=&#8221;3.0.51&#8243; body_text_color=&#8221;#ffffff&#8221; background_image=&#8221;https:\/\/cars-lieutaud.fr\/wp-content\/uploads\/sites\/8\/2017\/05\/Footer-button-01-LieutaudAutocars.jpg&#8221; background_position=&#8221;top_center&#8221;]<\/p>\n<p><strong>GRAND TOURISME, VOYAGES D\u2019AFFAIRES<\/strong> Une gamme premium d\u2019autocars Mercedes au service de vos se\u0301minaires, congre\u0300s, tourisme re\u0301ceptif, mariages et excursions&#8230;<\/p>\n<div class=\"et_pb_main_blurb_image\"><a href=\"http:\/\/www.cars-lieutaud.com\"><span class=\"et-pb-icon et-waypoint et_pb_animation_top et-animated\" style=\"color: #ffffff\">=<\/span><\/a><\/div>\n<p>[\/et_pb_blurb][et_pb_blurb admin_label=&#8221;Lien vers Lignes R\u00e9guli\u00e8res&#8221; url=&#8221;http:\/\/www.lieutaud.fr&#8221; icon_color=&#8221;#ffffff&#8221; text_orientation=&#8221;center&#8221; _builder_version=&#8221;3.0.51&#8243; body_text_color=&#8221;#ffffff&#8221; background_image=&#8221;https:\/\/cars-lieutaud.fr\/wp-content\/uploads\/sites\/8\/2017\/05\/Footer-button-01-LieutaudVaison.jpg&#8221; background_position=&#8221;top_center&#8221;]<\/p>\n<p><strong>LIGNES REGULIE\u0300RES &amp; SCOLAIRES &#8211; TOURISME LOCAL &amp; ASSOCIATIF<\/strong> Horaires, lignes, points de vente et informations sur le r\u00e9seau TransVaucluse.FLASH INFOS pour suivre en direct le trafic. Organisation de transports pour les voyages scolaires et associatifs.<\/p>\n<div class=\"et_pb_main_blurb_image\"><a href=\"http:\/\/www.lieutaud.fr\"><span class=\"et-pb-icon et-waypoint et_pb_animation_top et-animated\" style=\"color: #ffffff\">=<\/span><\/a><\/div>\n<p>[\/et_pb_blurb][et_pb_blurb admin_label=&#8221;Lien vers Autocars Lieutaud&#8221; icon_color=&#8221;#ffffff&#8221; text_orientation=&#8221;center&#8221; module_class=&#8221;active&#8221; _builder_version=&#8221;3.0.51&#8243; header_font_size=&#8221;14px&#8221; body_text_color=&#8221;#ffffff&#8221; background_image=&#8221;https:\/\/cars-lieutaud.fr\/wp-content\/uploads\/sites\/8\/2017\/06\/Footer-button-01-LieutaudCorporate-Off.jpg&#8221; background_position=&#8221;top_center&#8221;]<\/p>\n<p><strong>DE 1875 \u00c0 AUJOURD&#8217;HUI<\/strong> De la cal\u00e8che aux autocars, vivez la saga Lieutaud ! Retrouvez nos valeurs et notre philosophie. D\u00e9couvrez notre flotte, nos \u00e9quipes, dans nos 3 agences.<\/p>\n<p>[\/et_pb_blurb][et_pb_blurb admin_label=&#8221;Lien vers Petit Train Vaison&#8221; url=&#8221;http:\/\/petittrainvaison.com&#8221; icon_color=&#8221;#ffffff&#8221; text_orientation=&#8221;center&#8221; _builder_version=&#8221;3.0.51&#8243; body_text_color=&#8221;#ffffff&#8221; background_image=&#8221;https:\/\/cars-lieutaud.fr\/wp-content\/uploads\/sites\/8\/2017\/05\/Footer-button-01-LieutaudTrainVaison.jpg&#8221; background_position=&#8221;top_center&#8221;]<\/p>\n<p><strong>TRAVERSEZ PLUS DE 2000 ANS D\u2019HISTOIRE !<\/strong> Le Petit Train de Vaison La Romaine propose un circuit en petit train dans le centre historique de Vaison la Romaine.<\/p>\n<div class=\"et_pb_main_blurb_image\"><a href=\"http:\/\/petittrainvaison.com\"><span class=\"et-pb-icon et-waypoint et_pb_animation_top et-animated\" style=\"color: #ffffff\">=<\/span><\/a><\/div>\n<p>[\/et_pb_blurb][et_pb_blurb admin_label=&#8221;Lien vers Open Tour et Petit Train&#8221; url=&#8221;https:\/\/visiteavignon.com&#8221; icon_color=&#8221;#ffffff&#8221; text_orientation=&#8221;center&#8221; _builder_version=&#8221;3.0.51&#8243; header_font=&#8221;Montserrat|||on|&#8221; header_font_size=&#8221;14px&#8221; header_text_color=&#8221;#605e5e&#8221; header_line_height=&#8221;1.3em&#8221; body_text_color=&#8221;#ffffff&#8221; body_line_height=&#8221;1.4em&#8221; background_image=&#8221;https:\/\/cars-lieutaud.fr\/wp-content\/uploads\/sites\/8\/2017\/06\/Footer-button-01-LieutaudVisiteAvignon.jpg&#8221; background_position=&#8221;top_center&#8221;]<\/p>\n<p><strong>PETIT TRAIN ET OPEN TOUR<\/strong> <strong>Visite Avignon<\/strong> propose de d\u00e9couvrir les villes d\u2019Avignon et de Villeneuve les Avignon en petit train et\/ou en open tour. Un city tour aux circuits originaux avec 19 sites et une approche ludique \u00ab sp\u00e9cial enfant \u00bb avec des commentaires adapt\u00e9s aux plus petits. Une boutique \u00e0 d\u00e9couvrir, 40 cours Jean Jaur\u00e8s.<\/p>\n<div class=\"et_pb_main_blurb_image\"><a href=\"http:\/\/www.visiteavignon.com\"><span class=\"et-pb-icon et-waypoint et_pb_animation_top et-animated\" style=\"color: #ffffff\">=<\/span><\/a><\/div>\n<p>[\/et_pb_blurb][\/et_pb_column][\/et_pb_row][et_pb_row use_custom_width=&#8221;on&#8221; width_unit=&#8221;off&#8221; custom_width_percent=&#8221;100%&#8221; custom_padding=&#8221;|0px||0px&#8221; custom_margin=&#8221;|0px||0px&#8221; background_color=&#8221;#605e5e&#8221; padding_left_1=&#8221;10%&#8221; parallax_method_1=&#8221;off&#8221; parallax_method_2=&#8221;off&#8221; background_position_1=&#8221;top_left&#8221; background_position_2=&#8221;top_left&#8221; background_repeat_1=&#8221;no-repeat&#8221; background_repeat_2=&#8221;no-repeat&#8221; _builder_version=&#8221;3.0.51&#8243; background_size=&#8221;initial&#8221; background_position=&#8221;top_left&#8221; background_repeat=&#8221;repeat&#8221; custom_css_main_element=&#8221;width: 100% !important;||max-width: 100% !important;&#8221;][et_pb_column type=&#8221;1_2&#8243;][et_pb_social_media_follow link_shape=&#8221;circle&#8221; url_new_window=&#8221;off&#8221; _builder_version=&#8221;3.0.51&#8243; custom_css_social_icon=&#8221;background-color: #bab6b5;&#8221;]<\/p>\n<p>[et_pb_social_media_follow_network social_network=&#8221;youtube&#8221; url=&#8221;https:\/\/www.youtube.com\/user\/CarsLieutaud&#8221; bg_color=&#8221;#a82400&#8243; _builder_version=&#8221;3.0.47&#8243; link_shape=&#8221;circle&#8221; follow_button=&#8221;off&#8221; url_new_window=&#8221;off&#8221;] YouTube [\/et_pb_social_media_follow_network][et_pb_social_media_follow_network social_network=&#8221;facebook&#8221; url=&#8221;https:\/\/www.facebook.com\/carslieutaud\/&#8221; bg_color=&#8221;#3b5998&#8243; _builder_version=&#8221;3.0.47&#8243; link_shape=&#8221;circle&#8221; follow_button=&#8221;off&#8221; url_new_window=&#8221;off&#8221;] Facebook [\/et_pb_social_media_follow_network][et_pb_social_media_follow_network social_network=&#8221;linkedin&#8221; url=&#8221;https:\/\/www.linkedin.com\/company-beta\/11165995\/&#8221; bg_color=&#8221;#007bb6&#8243; _builder_version=&#8221;3.0.47&#8243; link_shape=&#8221;circle&#8221; follow_button=&#8221;off&#8221; url_new_window=&#8221;off&#8221;] LinkedIn [\/et_pb_social_media_follow_network][et_pb_social_media_follow_network social_network=&#8221;instagram&#8221; url=&#8221;https:\/\/www.instagram.com\/carslieutaud\/&#8221; bg_color=&#8221;#517fa4&#8243; _builder_version=&#8221;3.0.47&#8243; link_shape=&#8221;circle&#8221; follow_button=&#8221;off&#8221; url_new_window=&#8221;off&#8221;] Instagram [\/et_pb_social_media_follow_network]<\/p>\n<p>[\/et_pb_social_media_follow][\/et_pb_column][et_pb_column type=&#8221;1_2&#8243;][et_pb_button admin_label=&#8221;Bouton Contact &amp; R\u00e9servation&#8221; button_url=&#8221;\/contact-reservation\/&#8221; button_text=&#8221;CONTACT &amp; RESERVATION EN LIGNE&#8221; button_alignment=&#8221;center&#8221; _builder_version=&#8221;3.0.51&#8243; custom_button=&#8221;on&#8221; button_text_size=&#8221;15px&#8221; button_text_color=&#8221;#ffffff&#8221; button_border_color=&#8221;#ffffff&#8221; button_border_radius=&#8221;9px&#8221; button_icon=&#8221;%%3%%&#8221; button_text_color_hover=&#8221;#605e5e&#8221; button_bg_color_hover=&#8221;#ffffff&#8221; saved_tabs=&#8221;all&#8221; background_color=&#8221;#a5a2a1&#8243; \/][\/et_pb_column][\/et_pb_row][\/et_pb_section]<\/p>\n<span class=\"et_bloom_bottom_trigger\"><\/span>","protected":false},"excerpt":{"rendered":"<p>\u00a0bagagerie : prise en charge et suivi \u00e0 la demande Assistance 24h\/24 Une nouveaut\u00e9 ! des cars \u00e0 ciel ouvert, Open Tour d\u00e9capotables pour d\u00e9couvrir Avignon,Villeneuve les Avignon et les alentours de la cit\u00e9 des Papes Une large flotte au design homog\u00e8ne (Plus de 30 v\u00e9hicules de 7 \u00e0 61 places), Solutions sur-mesure : coordination [&hellip;]<\/p>\n","protected":false},"author":3,"featured_media":0,"parent":0,"menu_order":0,"comment_status":"closed","ping_status":"closed","template":"","meta":{"_seopress_robots_primary_cat":"","_et_pb_use_builder":"on","_et_pb_old_content":"","_et_gb_content_width":""},"acf":[],"_links":{"self":[{"href":"https:\/\/cars-lieutaud.fr\/en\/wp-json\/wp\/v2\/pages\/28177"}],"collection":[{"href":"https:\/\/cars-lieutaud.fr\/en\/wp-json\/wp\/v2\/pages"}],"about":[{"href":"https:\/\/cars-lieutaud.fr\/en\/wp-json\/wp\/v2\/types\/page"}],"author":[{"embeddable":true,"href":"https:\/\/cars-lieutaud.fr\/en\/wp-json\/wp\/v2\/users\/3"}],"replies":[{"embeddable":true,"href":"https:\/\/cars-lieutaud.fr\/en\/wp-json\/wp\/v2\/comments?post=28177"}],"version-history":[{"count":0,"href":"https:\/\/cars-lieutaud.fr\/en\/wp-json\/wp\/v2\/pages\/28177\/revisions"}],"wp:attachment":[{"href":"https:\/\/cars-lieutaud.fr\/en\/wp-json\/wp\/v2\/media?parent=28177"}],"curies":[{"name":"wp","href":"https:\/\/api.w.org\/{rel}","templated":true}]}}