{"id":28181,"date":"2018-01-10T10:19:08","date_gmt":"2018-01-10T09:19:08","guid":{"rendered":"https:\/\/cars-lieutaud.fr\/?page_id=28181"},"modified":"2018-01-10T10:21:52","modified_gmt":"2018-01-10T09:21:52","slug":"recrutement","status":"publish","type":"page","link":"https:\/\/cars-lieutaud.fr\/en\/recrutement\/","title":{"rendered":"Recrutement EN"},"content":{"rendered":"<p>[et_pb_section bb_built=&#8221;1&#8243; admin_label=&#8221;section&#8221; background_color=&#8221;#bab6b5&#8243; custom_padding=&#8221;0px|0px|0px|0px&#8221; _builder_version=&#8221;3.0.63&#8243;][et_pb_row admin_label=&#8221;row&#8221; make_fullwidth=&#8221;on&#8221; use_custom_gutter=&#8221;on&#8221; gutter_width=&#8221;1&#8243; custom_padding=&#8221;0px|0px|20px|0px&#8221; _builder_version=&#8221;3.0.63&#8243;][et_pb_column type=&#8221;4_4&#8243;][et_pb_image admin_label=&#8221;Image &#8221; src=&#8221;https:\/\/cars-lieutaud.fr\/wp-content\/uploads\/sites\/8\/2017\/07\/Cover-recrutement.jpg&#8221; animation=&#8221;off&#8221; align=&#8221;center&#8221; force_fullwidth=&#8221;on&#8221; _builder_version=&#8221;3.0.63&#8243; custom_margin=&#8221;||30px|&#8221; animation_style=&#8221;none&#8221; animation_duration=&#8221;1000ms&#8221; animation_intensity_slide=&#8221;50%&#8221; show_bottom_space=&#8221;on&#8221; \/][et_pb_cta title=&#8221;Recrutement&#8221; use_background_color=&#8221;off&#8221; background_layout=&#8221;light&#8221; _builder_version=&#8221;3.0.63&#8243; header_font_size=&#8221;45px&#8221; header_text_color=&#8221;#444441&#8243; body_font=&#8221;|on|||&#8221; body_font_size=&#8221;21px&#8221; body_text_color=&#8221;#444441&#8243;]<\/p>\n<p>OFFRES D&#8217;EMPLOI ET CANDIDATURES SPONTAN\u00c9ES<\/p>\n<p>[\/et_pb_cta][\/et_pb_column][\/et_pb_row][\/et_pb_section][et_pb_section bb_built=&#8221;1&#8243; admin_label=&#8221;section&#8221; background_color=&#8221;#70a4e5&#8243; custom_padding=&#8221;0px|0px|0px|0px&#8221; _builder_version=&#8221;3.0.51&#8243;][et_pb_row admin_label=&#8221;row&#8221; custom_padding=&#8221;27px|0px|0px|0px&#8221; _builder_version=&#8221;3.0.47&#8243; background_size=&#8221;initial&#8221; background_position=&#8221;top_left&#8221; background_repeat=&#8221;repeat&#8221;][et_pb_column type=&#8221;4_4&#8243;][et_pb_cta title=&#8221;NOS OFFRES DE POSTE \u00c0 POURVOIR&#8221; use_background_color=&#8221;off&#8221; background_layout=&#8221;light&#8221; _builder_version=&#8221;3.0.51&#8243; header_font=&#8221;Montserrat|on||on|&#8221; header_font_size=&#8221;25px&#8221; header_text_color=&#8221;#ffffff&#8221; custom_margin=&#8221;||0px|&#8221; custom_padding=&#8221;|||&#8221; \/][et_pb_text admin_label=&#8221;titreh1&#8243; text_orientation=&#8221;center&#8221; _builder_version=&#8221;3.0.65&#8243; text_font=&#8221;||||&#8221; text_font_size=&#8221;17px&#8221; text_text_color=&#8221;#444441&#8243; header_font=&#8221;||||&#8221; header_font_size=&#8221;26px&#8221; header_text_color=&#8221;#e5482a&#8221; background_size=&#8221;initial&#8221; background_position=&#8221;top_left&#8221; background_repeat=&#8221;repeat&#8221; custom_margin=&#8221;|||&#8221; custom_padding=&#8221;|||&#8221; inline_fonts=&#8221;Sanchez,Trocchi&#8221; module_alignment=&#8221;center&#8221; \/][\/et_pb_column][\/et_pb_row][et_pb_row admin_label=&#8221;row&#8221; custom_padding=&#8221;20px|20px|0px|20px&#8221; custom_margin=&#8221;20px|||&#8221; background_color=&#8221;#444441&#8243; background_color_1=&#8221;#444441&#8243; _builder_version=&#8221;3.0.51&#8243; background_size=&#8221;initial&#8221; background_position=&#8221;top_left&#8221; background_repeat=&#8221;repeat&#8221;][et_pb_column type=&#8221;4_4&#8243;][et_pb_code _builder_version=&#8221;3.0.63&#8243;]<div class=\"jobs_list\"><ul><li><h4>005 &#8211; CHAUFFEUR \/ CHAUFFEUSE DE BUS<\/h4><span class=\"job_category\"><a href=\"https:\/\/cars-lieutaud.fr\/en\/job_category\/conducteur\/\" rel=\"tag\">Conducteur<\/a><\/span><span class=\"job_date\">Post\u00e9 le Friday 21 February 2020<\/span><div class=\"job_excerpt\">Vous serez charg\u00e9(e) du transport urbain de voyageurs. Vous devez avoir le Permis D ainsi que la FIMO et FCO \u00e0 jour. Vous poss\u00e9dez une carte CQC ainsi qu&#8217;une carte conducteur en cours de validit\u00e9. Contrat \u00e0 temps plein. Vous conduisez le v\u00e9hicule dont vous \u00eates responsable sur une ligne urbaine. Vous transportez les passagers [&hellip;]<\/div><div class=\"et_pb_button_module_wrapper et_pb_module et_pb_button_alignment_center\">\n                        <a class=\"et_pb_button et_pb_module et_pb_bg_layout_light\" href=\"https:\/\/cars-lieutaud.fr\/en\/job\/chauffeur_chauffeuse_de_bus\/\">Consulter<\/a>\n                    <\/div><\/li><li><h4>004 &#8211; Responsable administratif et comptable<\/h4><span class=\"job_category\"><a href=\"https:\/\/cars-lieutaud.fr\/en\/job_category\/comptabilite\/\" rel=\"tag\">Comptabilit\u00e9<\/a><\/span><span class=\"job_date\">Post\u00e9 le Monday 4 November 2019<\/span><div class=\"job_excerpt\">De formation sup\u00e9rieure, avec une exp\u00e9rience d\u2019au moins 5 ans en entreprise ou cabinet\u00a0d\u2019expertise comptable, vous avez de bonnes connaissances des normes comptables et\u00a0l\u00e9gislation comptable avec la ma\u00eetrise pratique de: &#8211; La Supervision de la comptabilit\u00e9 g\u00e9n\u00e9rale : saisie et pointage des \u00e9critures, TVA, comptabilit\u00e9 clients et fournisseurs, suivi de la tr\u00e9sorerie et BFR, relations [&hellip;]<\/div><div class=\"et_pb_button_module_wrapper et_pb_module et_pb_button_alignment_center\">\n                        <a class=\"et_pb_button et_pb_module et_pb_bg_layout_light\" href=\"https:\/\/cars-lieutaud.fr\/en\/job\/offre-emploi-responsable_administratif_comptable_84y\/\">Consulter<\/a>\n                    <\/div><\/li><li><h4>003 &#8211; Visite Avignon &#8211; CONSEILLER DE VENTE<\/h4><span class=\"job_category\"><a href=\"https:\/\/cars-lieutaud.fr\/en\/job_category\/vendeur\/\" rel=\"tag\">Vendeur<\/a><\/span><span class=\"job_date\">Post\u00e9 le Wednesday 16 January 2019<\/span><div class=\"job_excerpt\">En 2017, la marque Visite Avignon a \u00e9t\u00e9 cr\u00e9\u00e9e et regroupe 3 activit\u00e9s\u00a0: Le Petit Train touristique d\u2019Avignon\u00a0; L\u2019Open tour reliant Avignon et Villeneuve-l\u00e8s-Avignon La boutique, centre-ville d\u2019Avignon, propose aux touristes ainsi qu\u2019aux locaux, des produits de qualit\u00e9 fabriqu\u00e9s en Provence (\u00e9picerie fine, d\u00e9coration, \u2026). Nous avons \u00e9galement d\u00e9velopp\u00e9 une gamme de produits (t-shirts, cartes [&hellip;]<\/div><div class=\"et_pb_button_module_wrapper et_pb_module et_pb_button_alignment_center\">\n                        <a class=\"et_pb_button et_pb_module et_pb_bg_layout_light\" href=\"https:\/\/cars-lieutaud.fr\/en\/job\/offre-conseille_de_vente-visite_avignon-84\/\">Consulter<\/a>\n                    <\/div><\/li><li><h4>002 &#8211; Stagiaire Assistant Commercial &#8211; Visite Avignon<\/h4><span class=\"job_category\"><a href=\"https:\/\/cars-lieutaud.fr\/en\/job_category\/stagiaire\/\" rel=\"tag\">Stagiaire<\/a><\/span><span class=\"job_date\">Post\u00e9 le Thursday 25 January 2018<\/span><div class=\"job_excerpt\">En 2017, la marque Visite Avignon a \u00e9t\u00e9 cr\u00e9\u00e9e et regroupe 3 activit\u00e9s\u00a0: Le Petit Train touristique d\u2019Avignon\u00a0; L\u2019Open tour reliant Avignon et Villeneuve-les-Avignon La boutique, centre-ville d\u2019Avignon, sert principalement de billetterie pour le Petit Train et l\u2019Open tour. Un coin boutique a \u00e9t\u00e9 imagin\u00e9 pour proposer aux touristes ainsi qu\u2019aux locaux, des produits de [&hellip;]<\/div><div class=\"et_pb_button_module_wrapper et_pb_module et_pb_button_alignment_center\">\n                        <a class=\"et_pb_button et_pb_module et_pb_bg_layout_light\" href=\"https:\/\/cars-lieutaud.fr\/en\/job\/offre-stage-assistant-commercial-84\/\">Consulter<\/a>\n                    <\/div><\/li><li><h4>001 &#8211; M\u00e9canicien poids lourd \/ Autocars<\/h4><span class=\"job_category\"><a href=\"https:\/\/cars-lieutaud.fr\/en\/job_category\/mecanicien\/\" rel=\"tag\">M\u00e9canicien<\/a><\/span><span class=\"job_date\">Post\u00e9 le Tuesday 19 December 2017<\/span><div class=\"job_excerpt\">Au sein de notre atelier compos\u00e9 de 3 m\u00e9caniciens et 1 carrossier, vous assurez les prestations techniques (entretiens, r\u00e9parations, &#8230;) demand\u00e9es par votre responsable d&#8217;atelier. Vous appliquez la gamme des actions pr\u00e9ventives (contr\u00f4les visuels, contr\u00f4le d&#8217;usure &#8230;). Vous r\u00e9alisez des actions d&#8217;entretien curatif au plan m\u00e9canique des v\u00e9hicules et de leurs \u00e9quipements. Vous analysez les [&hellip;]<\/div><div class=\"et_pb_button_module_wrapper et_pb_module et_pb_button_alignment_center\">\n                        <a class=\"et_pb_button et_pb_module et_pb_bg_layout_light\" href=\"https:\/\/cars-lieutaud.fr\/en\/job\/offre-emploi-mecanicien-poidslourd-84\/\">Consulter<\/a>\n                    <\/div><\/li><\/ul><\/div>[\/et_pb_code][\/et_pb_column][\/et_pb_row][et_pb_row admin_label=&#8221;row&#8221; make_fullwidth=&#8221;on&#8221; use_custom_gutter=&#8221;on&#8221; gutter_width=&#8221;1&#8243; custom_padding=&#8221;27px|0px|0px|0px&#8221; _builder_version=&#8221;3.0.51&#8243;][et_pb_column type=&#8221;4_4&#8243;][et_pb_image admin_label=&#8221;Image &#8221; src=&#8221;https:\/\/cars-lieutaud.fr\/wp-content\/uploads\/sites\/8\/2017\/07\/Cover-candidature.jpg&#8221; animation=&#8221;off&#8221; align=&#8221;center&#8221; force_fullwidth=&#8221;on&#8221; _builder_version=&#8221;3.0.63&#8243; animation_style=&#8221;none&#8221; animation_duration=&#8221;1000ms&#8221; animation_intensity_slide=&#8221;50%&#8221; show_bottom_space=&#8221;on&#8221; \/][\/et_pb_column][\/et_pb_row][\/et_pb_section][et_pb_section bb_built=&#8221;1&#8243; admin_label=&#8221;section&#8221; background_color=&#8221;#bab6b5&#8243; custom_padding=&#8221;0px|0px|0px|0px&#8221; _builder_version=&#8221;3.0.51&#8243;][et_pb_row admin_label=&#8221;row&#8221; custom_padding=&#8221;27px|0px|0px|0px&#8221; _builder_version=&#8221;3.0.47&#8243; background_size=&#8221;initial&#8221; background_position=&#8221;top_left&#8221; background_repeat=&#8221;repeat&#8221;][et_pb_column type=&#8221;4_4&#8243;][et_pb_cta title=&#8221;CANDIDATURE SPONTAN\u00c9E&#8221; use_background_color=&#8221;off&#8221; background_layout=&#8221;light&#8221; _builder_version=&#8221;3.0.51&#8243; header_font=&#8221;Montserrat|on||on|&#8221; header_font_size=&#8221;25px&#8221; header_text_color=&#8221;#ffffff&#8221; custom_margin=&#8221;||0px|&#8221; custom_padding=&#8221;|||&#8221; \/][et_pb_text admin_label=&#8221;titreh1&#8243; text_orientation=&#8221;center&#8221; _builder_version=&#8221;3.0.65&#8243; text_font=&#8221;||||&#8221; text_font_size=&#8221;17px&#8221; text_text_color=&#8221;#444441&#8243; header_font=&#8221;||||&#8221; header_font_size=&#8221;26px&#8221; header_text_color=&#8221;#e5482a&#8221; background_size=&#8221;initial&#8221; background_position=&#8221;top_left&#8221; background_repeat=&#8221;repeat&#8221; custom_margin=&#8221;|||&#8221; custom_padding=&#8221;|||&#8221; inline_fonts=&#8221;Sanchez,Trocchi&#8221; module_alignment=&#8221;center&#8221; \/][\/et_pb_column][\/et_pb_row][et_pb_row admin_label=&#8221;row&#8221; custom_padding=&#8221;27px|0px|71px|0px&#8221; _builder_version=&#8221;3.0.47&#8243; background_size=&#8221;initial&#8221; background_position=&#8221;top_left&#8221; background_repeat=&#8221;repeat&#8221;][et_pb_column type=&#8221;4_4&#8243;][et_pb_button admin_label=&#8221;Bouton&#8221; button_url=&#8221;\/formulaire-candidature\/&#8221; button_text=&#8221;ENVOYER MA CANDIDATURE&#8221; button_alignment=&#8221;center&#8221; _builder_version=&#8221;3.0.63&#8243; custom_button=&#8221;on&#8221; button_text_size=&#8221;15px&#8221; button_text_color=&#8221;#444441&#8243; button_border_color=&#8221;#444441&#8243; button_border_radius=&#8221;9px&#8221; button_icon=&#8221;%%3%%&#8221; button_text_color_hover=&#8221;#444441&#8243; button_bg_color_hover=&#8221;#ffffff&#8221; button_border_color_hover=&#8221;#ffffff&#8221; background_color=&#8221;#a5a2a1&#8243; \/][\/et_pb_column][\/et_pb_row][\/et_pb_section][et_pb_section bb_built=&#8221;1&#8243; admin_label=&#8221;Bouton Contact &amp; R\u00e9servation&#8221; background_color=&#8221;#444441&#8243; custom_padding=&#8221;0px||0px|&#8221; make_fullwidth=&#8221;on&#8221; make_equal=&#8221;on&#8221; use_custom_gutter=&#8221;on&#8221; gutter_width=&#8221;1&#8243; parallax_method_1=&#8221;off&#8221; padding_bottom_1=&#8221;0px&#8221; disabled_on=&#8221;on|on|&#8221; module_class=&#8221;active&#8221; _builder_version=&#8221;3.0.49&#8243; saved_tabs=&#8221;all&#8221;][et_pb_row admin_label=&#8221;row&#8221; make_fullwidth=&#8221;on&#8221; use_custom_gutter=&#8221;on&#8221; gutter_width=&#8221;1&#8243; custom_padding=&#8221;0px|0px|0px|0px&#8221; custom_margin=&#8221;||0px|&#8221; make_equal=&#8221;on&#8221; background_color=&#8221;#ffffff&#8221; padding_bottom_1=&#8221;0px&#8221; parallax_method_1=&#8221;off&#8221; module_class=&#8221;five-columns blurb-hover&#8221; _builder_version=&#8221;3.0.47&#8243; background_size=&#8221;initial&#8221; background_position=&#8221;top_left&#8221; background_repeat=&#8221;repeat&#8221;][et_pb_column type=&#8221;4_4&#8243;][et_pb_blurb admin_label=&#8221;Lien vers Grand Tourisme&#8221; url=&#8221;http:\/\/www.cars-lieutaud.com&#8221; icon_color=&#8221;#ffffff&#8221; text_orientation=&#8221;center&#8221; _builder_version=&#8221;3.0.71&#8243; body_text_color=&#8221;#ffffff&#8221; background_image=&#8221;https:\/\/cars-lieutaud.fr\/wp-content\/uploads\/sites\/8\/2017\/05\/Footer-button-01-LieutaudAutocars.jpg&#8221; background_position=&#8221;top_center&#8221; url_new_window=&#8221;off&#8221; use_icon=&#8221;off&#8221; use_circle=&#8221;off&#8221; use_circle_border=&#8221;off&#8221; icon_placement=&#8221;top&#8221; use_icon_font_size=&#8221;off&#8221; background_layout=&#8221;light&#8221; border_style=&#8221;solid&#8221; animation=&#8221;top&#8221; title=&#8221;GRAND TOURISME, VOYAGES D\u2019AFFAIRES&#8221;]<\/p>\n<p>Une gamme premium d\u2019autocars Mercedes au service de vos s\u00e9minaires, congr\u00e8s, tourisme r\u00e9ceptif, mariages et excursions&#8230;<\/p>\n<p>&nbsp;<\/p>\n<div class=\"et_pb_main_blurb_image\"><a href=\"http:\/\/www.cars-lieutaud.com\"><span class=\"et-pb-icon et-waypoint et_pb_animation_top et-animated\" style=\"color: #ffffff;\">=<\/span><\/a><\/div>\n<p>[\/et_pb_blurb][et_pb_blurb admin_label=&#8221;Lien vers Lignes R\u00e9guli\u00e8res&#8221; url=&#8221;http:\/\/www.lieutaud.fr&#8221; icon_color=&#8221;#ffffff&#8221; text_orientation=&#8221;center&#8221; _builder_version=&#8221;3.0.71&#8243; body_text_color=&#8221;#ffffff&#8221; background_image=&#8221;https:\/\/cars-lieutaud.fr\/wp-content\/uploads\/sites\/8\/2017\/05\/Footer-button-01-LieutaudVaison.jpg&#8221; background_position=&#8221;top_center&#8221; url_new_window=&#8221;off&#8221; use_icon=&#8221;off&#8221; use_circle=&#8221;off&#8221; use_circle_border=&#8221;off&#8221; icon_placement=&#8221;top&#8221; use_icon_font_size=&#8221;off&#8221; background_layout=&#8221;light&#8221; border_style=&#8221;solid&#8221; animation=&#8221;top&#8221; title=&#8221;Lignes r\u00e9guli\u00e8res &amp; Scolaires &#8211; Tourisme Local &amp; associatif&#8221;]<\/p>\n<p>Horaires, lignes, points de vente et informations sur le r\u00e9seau TransVaucluse. FLASH INFOS pour suivre en direct le trafic. Organisation de transports pour les voyages scolaires et associatifs.<\/p>\n<p>&nbsp;<\/p>\n<div class=\"et_pb_main_blurb_image\"><a href=\"http:\/\/www.lieutaud.fr\"><span class=\"et-pb-icon et-waypoint et_pb_animation_top et-animated\" style=\"color: #ffffff;\">=<\/span><\/a><\/div>\n<p>[\/et_pb_blurb][et_pb_blurb admin_label=&#8221;Lien vers Autocars Lieutaud&#8221; icon_color=&#8221;#ffffff&#8221; text_orientation=&#8221;center&#8221; module_class=&#8221;active&#8221; _builder_version=&#8221;3.0.71&#8243; header_font_size=&#8221;14px&#8221; body_text_color=&#8221;#ffffff&#8221; background_image=&#8221;https:\/\/cars-lieutaud.fr\/wp-content\/uploads\/sites\/8\/2017\/06\/Footer-button-01-LieutaudCorporate-Off.jpg&#8221; background_position=&#8221;top_center&#8221; title=&#8221;De 1875 \u00e0 Aujourd&#8217;hui&#8221; url=&#8221;http:\/\/www.cars-lieutaud.fr&#8221; url_new_window=&#8221;off&#8221; use_icon=&#8221;off&#8221; use_circle=&#8221;off&#8221; use_circle_border=&#8221;off&#8221; icon_placement=&#8221;top&#8221; use_icon_font_size=&#8221;off&#8221; background_layout=&#8221;light&#8221; border_style=&#8221;solid&#8221; animation=&#8221;top&#8221;]<\/p>\n<p>De la cal\u00e8che aux autocars, vivez la saga Lieutaud ! Retrouvez nos valeurs et notre philosophie. D\u00e9couvrez notre flotte, nos \u00e9quipes, dans nos 3 agences.<\/p>\n<p>[\/et_pb_blurb][et_pb_blurb admin_label=&#8221;Lien vers Petit Train Vaison&#8221; url=&#8221;http:\/\/petittrainvaison.com&#8221; icon_color=&#8221;#ffffff&#8221; text_orientation=&#8221;center&#8221; _builder_version=&#8221;3.0.71&#8243; body_text_color=&#8221;#ffffff&#8221; background_image=&#8221;https:\/\/cars-lieutaud.fr\/wp-content\/uploads\/sites\/8\/2017\/05\/Footer-button-01-LieutaudTrainVaison.jpg&#8221; background_position=&#8221;top_center&#8221; url_new_window=&#8221;off&#8221; use_icon=&#8221;off&#8221; use_circle=&#8221;off&#8221; use_circle_border=&#8221;off&#8221; icon_placement=&#8221;top&#8221; use_icon_font_size=&#8221;off&#8221; background_layout=&#8221;light&#8221; border_style=&#8221;solid&#8221; animation=&#8221;top&#8221; title=&#8221;Traversez plus de 2000 ans d&#8217;histoire !&#8221;]<\/p>\n<p>Le Petit Train de Vaison La Romaine propose un circuit en petit train dans le centre historique de Vaison la Romaine.<\/p>\n<p>&nbsp;<\/p>\n<div class=\"et_pb_main_blurb_image\"><a href=\"http:\/\/petittrainvaison.com\"><span class=\"et-pb-icon et-waypoint et_pb_animation_top et-animated\" style=\"color: #ffffff;\">=<\/span><\/a><\/div>\n<p>[\/et_pb_blurb][et_pb_blurb admin_label=&#8221;Lien vers Open Tour et Petit Train&#8221; url=&#8221;https:\/\/visiteavignon.com&#8221; icon_color=&#8221;#ffffff&#8221; text_orientation=&#8221;center&#8221; _builder_version=&#8221;3.0.71&#8243; header_font=&#8221;Montserrat|||on|&#8221; header_font_size=&#8221;14px&#8221; header_text_color=&#8221;#605e5e&#8221; header_line_height=&#8221;1.3em&#8221; body_text_color=&#8221;#ffffff&#8221; body_line_height=&#8221;1.4em&#8221; background_image=&#8221;https:\/\/cars-lieutaud.fr\/wp-content\/uploads\/sites\/8\/2017\/06\/Footer-button-01-LieutaudVisiteAvignon.jpg&#8221; background_position=&#8221;top_center&#8221; url_new_window=&#8221;off&#8221; use_icon=&#8221;off&#8221; use_circle=&#8221;off&#8221; use_circle_border=&#8221;off&#8221; icon_placement=&#8221;top&#8221; use_icon_font_size=&#8221;off&#8221; background_layout=&#8221;light&#8221; border_style=&#8221;solid&#8221; animation=&#8221;top&#8221; title=&#8221;Petit Train et Open Tour&#8221;]<\/p>\n<p><strong>Visite Avignon<\/strong> propose de d\u00e9couvrir les villes d\u2019Avignon et de Villeneuve les Avignon en petit train et\/ou en open tour. Un city tour aux circuits originaux avec 19 sites et une approche ludique \u00ab sp\u00e9cial enfant \u00bb avec des commentaires adapt\u00e9s aux plus petits. Une boutique \u00e0 d\u00e9couvrir, 40 cours Jean Jaur\u00e8s.<\/p>\n<p>&nbsp;<\/p>\n<div class=\"et_pb_main_blurb_image\"><a href=\"http:\/\/www.visiteavignon.com\"><span class=\"et-pb-icon et-waypoint et_pb_animation_top et-animated\" style=\"color: #ffffff;\">=<\/span><\/a><\/div>\n<p>[\/et_pb_blurb][\/et_pb_column][\/et_pb_row][et_pb_row use_custom_width=&#8221;on&#8221; width_unit=&#8221;off&#8221; custom_width_percent=&#8221;100%&#8221; custom_padding=&#8221;|0px||0px&#8221; custom_margin=&#8221;|0px||0px&#8221; background_color=&#8221;#605e5e&#8221; padding_left_1=&#8221;10%&#8221; parallax_method_1=&#8221;off&#8221; parallax_method_2=&#8221;off&#8221; background_position_1=&#8221;top_left&#8221; background_position_2=&#8221;top_left&#8221; background_repeat_1=&#8221;no-repeat&#8221; background_repeat_2=&#8221;no-repeat&#8221; _builder_version=&#8221;3.0.51&#8243; background_size=&#8221;initial&#8221; background_position=&#8221;top_left&#8221; background_repeat=&#8221;repeat&#8221; custom_css_main_element=&#8221;width: 100% !important;||max-width: 100% !important;&#8221;][et_pb_column type=&#8221;1_2&#8243;][et_pb_social_media_follow link_shape=&#8221;circle&#8221; url_new_window=&#8221;off&#8221; _builder_version=&#8221;3.0.51&#8243; custom_css_social_icon=&#8221;background-color: #bab6b5;&#8221;]<\/p>\n<p>[et_pb_social_media_follow_network social_network=&#8221;youtube&#8221; url=&#8221;https:\/\/www.youtube.com\/user\/CarsLieutaud&#8221; bg_color=&#8221;#a82400&#8243; _builder_version=&#8221;3.0.47&#8243; link_shape=&#8221;circle&#8221; follow_button=&#8221;off&#8221; url_new_window=&#8221;off&#8221;] YouTube [\/et_pb_social_media_follow_network][et_pb_social_media_follow_network social_network=&#8221;facebook&#8221; url=&#8221;https:\/\/www.facebook.com\/carslieutaud\/&#8221; bg_color=&#8221;#3b5998&#8243; _builder_version=&#8221;3.0.47&#8243; link_shape=&#8221;circle&#8221; follow_button=&#8221;off&#8221; url_new_window=&#8221;off&#8221;] Facebook [\/et_pb_social_media_follow_network][et_pb_social_media_follow_network social_network=&#8221;linkedin&#8221; url=&#8221;https:\/\/www.linkedin.com\/company-beta\/11165995\/&#8221; bg_color=&#8221;#007bb6&#8243; _builder_version=&#8221;3.0.47&#8243; link_shape=&#8221;circle&#8221; follow_button=&#8221;off&#8221; url_new_window=&#8221;off&#8221;] LinkedIn [\/et_pb_social_media_follow_network][et_pb_social_media_follow_network social_network=&#8221;instagram&#8221; url=&#8221;https:\/\/www.instagram.com\/carslieutaud\/&#8221; bg_color=&#8221;#517fa4&#8243; _builder_version=&#8221;3.0.47&#8243; link_shape=&#8221;circle&#8221; follow_button=&#8221;off&#8221; url_new_window=&#8221;off&#8221;] Instagram [\/et_pb_social_media_follow_network]<\/p>\n<p>[\/et_pb_social_media_follow][\/et_pb_column][et_pb_column type=&#8221;1_2&#8243;][et_pb_button admin_label=&#8221;Bouton Contact &amp; R\u00e9servation&#8221; button_url=&#8221;\/contact-reservation\/&#8221; button_text=&#8221;CONTACT &amp; RESERVATION EN LIGNE&#8221; button_alignment=&#8221;center&#8221; _builder_version=&#8221;3.0.51&#8243; custom_button=&#8221;on&#8221; button_text_size=&#8221;15px&#8221; button_text_color=&#8221;#ffffff&#8221; button_border_color=&#8221;#ffffff&#8221; button_border_radius=&#8221;9px&#8221; button_icon=&#8221;%%3%%&#8221; button_text_color_hover=&#8221;#605e5e&#8221; button_bg_color_hover=&#8221;#ffffff&#8221; saved_tabs=&#8221;all&#8221; background_color=&#8221;#a5a2a1&#8243; \/][\/et_pb_column][\/et_pb_row][\/et_pb_section]<\/p>\n<span class=\"et_bloom_bottom_trigger\"><\/span>","protected":false},"excerpt":{"rendered":"<p>[et_pb_section bb_built=&#8221;1&#8243; admin_label=&#8221;section&#8221; background_color=&#8221;#bab6b5&#8243; custom_padding=&#8221;0px|0px|0px|0px&#8221; _builder_version=&#8221;3.0.63&#8243;][et_pb_row admin_label=&#8221;row&#8221; make_fullwidth=&#8221;on&#8221; use_custom_gutter=&#8221;on&#8221; gutter_width=&#8221;1&#8243; custom_padding=&#8221;0px|0px|20px|0px&#8221; _builder_version=&#8221;3.0.63&#8243;][et_pb_column type=&#8221;4_4&#8243;][et_pb_image admin_label=&#8221;Image &#8221; src=&#8221;https:\/\/cars-lieutaud.fr\/wp-content\/uploads\/sites\/8\/2017\/07\/Cover-recrutement.jpg&#8221; animation=&#8221;off&#8221; align=&#8221;center&#8221; force_fullwidth=&#8221;on&#8221; _builder_version=&#8221;3.0.63&#8243; custom_margin=&#8221;||30px|&#8221; animation_style=&#8221;none&#8221; animation_duration=&#8221;1000ms&#8221; animation_intensity_slide=&#8221;50%&#8221; show_bottom_space=&#8221;on&#8221; \/][et_pb_cta title=&#8221;Recrutement&#8221; use_background_color=&#8221;off&#8221; background_layout=&#8221;light&#8221; _builder_version=&#8221;3.0.63&#8243; header_font_size=&#8221;45px&#8221; header_text_color=&#8221;#444441&#8243; body_font=&#8221;|on|||&#8221; body_font_size=&#8221;21px&#8221; body_text_color=&#8221;#444441&#8243;] OFFRES D&#8217;EMPLOI ET CANDIDATURES SPONTAN\u00c9ES [\/et_pb_cta][\/et_pb_column][\/et_pb_row][\/et_pb_section][et_pb_section bb_built=&#8221;1&#8243; admin_label=&#8221;section&#8221; background_color=&#8221;#70a4e5&#8243; custom_padding=&#8221;0px|0px|0px|0px&#8221; _builder_version=&#8221;3.0.51&#8243;][et_pb_row admin_label=&#8221;row&#8221; custom_padding=&#8221;27px|0px|0px|0px&#8221; _builder_version=&#8221;3.0.47&#8243; background_size=&#8221;initial&#8221; background_position=&#8221;top_left&#8221; background_repeat=&#8221;repeat&#8221;][et_pb_column type=&#8221;4_4&#8243;][et_pb_cta title=&#8221;NOS OFFRES [&hellip;]<\/p>\n","protected":false},"author":3,"featured_media":0,"parent":0,"menu_order":0,"comment_status":"closed","ping_status":"closed","template":"","meta":{"_seopress_robots_primary_cat":"","_et_pb_use_builder":"on","_et_pb_old_content":"","_et_gb_content_width":""},"acf":[],"_links":{"self":[{"href":"https:\/\/cars-lieutaud.fr\/en\/wp-json\/wp\/v2\/pages\/28181"}],"collection":[{"href":"https:\/\/cars-lieutaud.fr\/en\/wp-json\/wp\/v2\/pages"}],"about":[{"href":"https:\/\/cars-lieutaud.fr\/en\/wp-json\/wp\/v2\/types\/page"}],"author":[{"embeddable":true,"href":"https:\/\/cars-lieutaud.fr\/en\/wp-json\/wp\/v2\/users\/3"}],"replies":[{"embeddable":true,"href":"https:\/\/cars-lieutaud.fr\/en\/wp-json\/wp\/v2\/comments?post=28181"}],"version-history":[{"count":0,"href":"https:\/\/cars-lieutaud.fr\/en\/wp-json\/wp\/v2\/pages\/28181\/revisions"}],"wp:attachment":[{"href":"https:\/\/cars-lieutaud.fr\/en\/wp-json\/wp\/v2\/media?parent=28181"}],"curies":[{"name":"wp","href":"https:\/\/api.w.org\/{rel}","templated":true}]}}